{"id":88,"date":"2021-03-24T16:01:02","date_gmt":"2021-03-24T16:01:02","guid":{"rendered":"https:\/\/shop.sportunion-puchkirchen.at\/?post_type=product&#038;p=88"},"modified":"2021-05-18T10:59:37","modified_gmt":"2021-05-18T10:59:37","slug":"jahresmitgliedschaft-sportunion-puchkirchen","status":"publish","type":"product","link":"https:\/\/shop.sportunion-puchkirchen.at\/index.php\/produkt\/jahresmitgliedschaft-sportunion-puchkirchen\/","title":{"rendered":"Jahresmitgliedschaft Einzelperson Sportunion Puchkirchen"},"content":{"rendered":"<h4><strong>Jahresmitgliedschaft Einzelperson: f\u00fcr alle ab 18 Jahre (Anmerkung: f\u00fcr Kinder und Jugendliche bis 18 Jahre kostenlos)<\/strong><\/h4>\n<h4 class=\"Default\"><strong>Die Mitgliedskarte ist die Basismitgliedschaft bei der Sportunion Puchkirchen und sichert jedem Mitglied viele Verg\u00fcnstigungen wie etwa:<\/strong><\/h4>\n<ul>\n<li><em>g\u00fcnstigere Teilnahmegeb\u00fchren bei<strong>\u00a0allen SPORTUNION-Veranstaltungen<\/strong><\/em><\/li>\n<li><strong><em>Erm\u00e4\u00dfigungen<\/em><\/strong><em>\u00a0im\u00a0<strong>ATHLETICA Sportstudio<\/strong>\u00a0(g\u00fcltig f\u00fcr 10er-Bl\u00f6cke)<\/em><\/li>\n<li><em>SPORTUNION-Mitglieder die bei Wettk\u00e4mpfen f\u00fcr den Verein SPORTUNION Puchkirchen teilnehmen, erhalten pro Wettkampf\u00a0<strong>5 EUR der Teilnahmegeb\u00fchr<\/strong>\u00a0erstattet (max. 25 EUR pro Jahr)<\/em><\/li>\n<li><strong><em>10 % Rabatt<\/em><\/strong><em>\u00a0bei einem Einkauf bei\u00a0<strong>HELLWEG<\/strong><\/em><\/li>\n<li><em>Unterst\u00fctzung der\u00a0<strong>Fischerpr\u00fcfung<\/strong>\u00a0mit 10 EUR<\/em><\/li>\n<li>Erm\u00e4\u00dfigungen bei der Kletterwand Puchkirchen<\/li>\n<\/ul>\n<h4><strong>Die SPORTUNION \u2013 Jahresmitgliedschaft betr\u00e4gt:<\/strong><\/h4>\n<p><strong>Einzelperson: \u20ac 12\u00a0 \u00a0 \u00a0 \u00a0 \u00a0 \u00a0 \u00a0 \u00a0 \u00a0 \u00a0 \u00a0 \u00a0 \u00a0 \u00a0 \u00a0<\/strong><strong>Paare: \u20ac 17\u00a0 \u00a0 \u00a0 \u00a0 \u00a0 \u00a0 \u00a0 \u00a0 \u00a0 \u00a0 \u00a0 \u00a0 \u00a0\u00a0<\/strong><strong>Familie: \u20ac 22<\/strong><\/p>\n<p>Anmeldungen werden von den jeweiligen Sektionsleitern oder vom Vorstand entgegengenommen, den Beitrag \u00fcberweisen oder direkt im Sportunion Shop erwerben und eine kurze Info an den jeweiligen Sektionsleiter. Danke!<\/p>\n","protected":false},"excerpt":{"rendered":"<p>Mitgliedschaft Sportunion Puchkirchen<\/p>\n","protected":false},"featured_media":430,"template":"","meta":{"_acf_changed":false},"product_brand":[],"product_cat":[20,18],"product_tag":[],"class_list":{"0":"post-88","1":"product","2":"type-product","3":"status-publish","4":"has-post-thumbnail","6":"product_cat-mitgliedschaften","7":"product_cat-sportunion-produkte","9":"first","10":"instock","11":"virtual","12":"sold-individually","13":"purchasable","14":"product-type-simple"},"acf":[],"_links":{"self":[{"href":"https:\/\/shop.sportunion-puchkirchen.at\/index.php\/wp-json\/wp\/v2\/product\/88","targetHints":{"allow":["GET"]}}],"collection":[{"href":"https:\/\/shop.sportunion-puchkirchen.at\/index.php\/wp-json\/wp\/v2\/product"}],"about":[{"href":"https:\/\/shop.sportunion-puchkirchen.at\/index.php\/wp-json\/wp\/v2\/types\/product"}],"wp:featuredmedia":[{"embeddable":true,"href":"https:\/\/shop.sportunion-puchkirchen.at\/index.php\/wp-json\/wp\/v2\/media\/430"}],"wp:attachment":[{"href":"https:\/\/shop.sportunion-puchkirchen.at\/index.php\/wp-json\/wp\/v2\/media?parent=88"}],"wp:term":[{"taxonomy":"product_brand","embeddable":true,"href":"https:\/\/shop.sportunion-puchkirchen.at\/index.php\/wp-json\/wp\/v2\/product_brand?post=88"},{"taxonomy":"product_cat","embeddable":true,"href":"https:\/\/shop.sportunion-puchkirchen.at\/index.php\/wp-json\/wp\/v2\/product_cat?post=88"},{"taxonomy":"product_tag","embeddable":true,"href":"https:\/\/shop.sportunion-puchkirchen.at\/index.php\/wp-json\/wp\/v2\/product_tag?post=88"}],"curies":[{"name":"wp","href":"https:\/\/api.w.org\/{rel}","templated":true}]}}