{"id":1025,"date":"2022-10-31T10:03:43","date_gmt":"2022-10-31T10:03:43","guid":{"rendered":"https:\/\/shop.sportunion-puchkirchen.at\/?post_type=product&#038;p=1025"},"modified":"2023-10-25T13:16:03","modified_gmt":"2023-10-25T13:16:03","slug":"floorball-kinder-saison-ticket-sportunion-mitglieder","status":"publish","type":"product","link":"https:\/\/shop.sportunion-puchkirchen.at\/index.php\/produkt\/floorball-kinder-saison-ticket-sportunion-mitglieder\/","title":{"rendered":"Floorball &#8222;Kinder Saison Ticket&#8220; (Sportunion Mitglieder)"},"content":{"rendered":"<p>Liebe Kinder, liebe Sportunion Mitglieder!<\/p>\n<p>Mit dem Saisonticket k\u00f6nnt ihr die aktuelle <strong>Floorballsaison von Oktober 2023 bis Ende Juni 2024<\/strong>\u00a0besuchen.<\/p>\n<p>Im Saison Ticket inkludiert sind:<\/p>\n<ul>\n<li>Trainer-\/\u00dcbungsleiterkosten f\u00fcr eine fachliche Ausbildung (Training 1x \/ Woche)<\/li>\n<li>Leihmaterial (so weit noch vorhanden)<\/li>\n<li>Hallenmiete inkl. Betriebskosten<\/li>\n<\/ul>\n<p>\u00dcbungsleiter Harald V\u00f6hringer freut sich auf viele motivierte Spielerinnen und Spieler!<\/p>\n<p>Sportliche Gr\u00fc\u00dfe<\/p>\n<p>Harald<\/p>\n<p>+43 650 38 62 168<\/p>\n<p>PS: sollte wegen Corona\/Krankheit\/sonstiger Grund ein Teil bzw. die gesamte Saison ausfallen bekommt ihr nat\u00fcrlich das Saison-Ticket anteilsm\u00e4\u00dfig r\u00fcckerstattet<\/p>\n","protected":false},"excerpt":{"rendered":"<p>Liebe Kinder, liebe Sportunion Mitglieder! Mit dem Saisonticket k\u00f6nnt ihr die aktuelle Floorballsaison von Oktober 2023 bis Ende Juni 2024\u00a0besuchen. Im Saison Ticket inkludiert sind: Trainer-\/\u00dcbungsleiterkosten f\u00fcr eine fachliche Ausbildung (Training 1x \/ Woche) Leihmaterial (so weit noch vorhanden) Hallenmiete inkl. Betriebskosten \u00dcbungsleiter Harald V\u00f6hringer freut sich auf viele motivierte Spielerinnen und Spieler! Sportliche Gr\u00fc\u00dfe [&hellip;]<\/p>\n","protected":false},"featured_media":700,"template":"","meta":{"_acf_changed":false},"product_brand":[],"product_cat":[27],"product_tag":[],"class_list":{"0":"post-1025","1":"product","2":"type-product","3":"status-publish","4":"has-post-thumbnail","6":"product_cat-sonstige-tickets","8":"first","9":"instock","10":"shipping-taxable","11":"purchasable","12":"product-type-simple"},"acf":[],"_links":{"self":[{"href":"https:\/\/shop.sportunion-puchkirchen.at\/index.php\/wp-json\/wp\/v2\/product\/1025","targetHints":{"allow":["GET"]}}],"collection":[{"href":"https:\/\/shop.sportunion-puchkirchen.at\/index.php\/wp-json\/wp\/v2\/product"}],"about":[{"href":"https:\/\/shop.sportunion-puchkirchen.at\/index.php\/wp-json\/wp\/v2\/types\/product"}],"wp:featuredmedia":[{"embeddable":true,"href":"https:\/\/shop.sportunion-puchkirchen.at\/index.php\/wp-json\/wp\/v2\/media\/700"}],"wp:attachment":[{"href":"https:\/\/shop.sportunion-puchkirchen.at\/index.php\/wp-json\/wp\/v2\/media?parent=1025"}],"wp:term":[{"taxonomy":"product_brand","embeddable":true,"href":"https:\/\/shop.sportunion-puchkirchen.at\/index.php\/wp-json\/wp\/v2\/product_brand?post=1025"},{"taxonomy":"product_cat","embeddable":true,"href":"https:\/\/shop.sportunion-puchkirchen.at\/index.php\/wp-json\/wp\/v2\/product_cat?post=1025"},{"taxonomy":"product_tag","embeddable":true,"href":"https:\/\/shop.sportunion-puchkirchen.at\/index.php\/wp-json\/wp\/v2\/product_tag?post=1025"}],"curies":[{"name":"wp","href":"https:\/\/api.w.org\/{rel}","templated":true}]}}