{"id":290,"date":"2021-05-01T12:41:17","date_gmt":"2021-05-01T12:41:17","guid":{"rendered":"https:\/\/shop.sportunion-puchkirchen.at\/?page_id=290"},"modified":"2021-05-05T15:25:49","modified_gmt":"2021-05-05T15:25:49","slug":"regeln-fuer-die-benutzung-der-selbstsicherungsautomaten","status":"publish","type":"page","link":"https:\/\/shop.sportunion-puchkirchen.at\/index.php\/regeln-fuer-die-benutzung-der-selbstsicherungsautomaten\/","title":{"rendered":"Regeln f\u00fcr die Benutzung der Selbst&shy;sicherungs&shy;automaten"},"content":{"rendered":"<h2>Richtig Sichern:<\/h2>\n<p>Bevor Sie mit dem Klettern beginnen, vergewissern Sie sich, dass der Karabiner an der Anseilschlaufe des Sicherheitsgurts angebracht ist, der Verschluss richtig verriegelt und der Schnapper eingerastet ist.<br \/>\nBei Nichtbefolgung kann es zu schweren Unf\u00e4llen kommen.<\/p>\n<h2>Aufstieg:<\/h2>\n<p>Kontrollieren Sie die Funktion des Selbstsicherungsger\u00e4ts, indem Sie einen kurzen Abschnitt des Gurtbands herausziehen und es danach wieder zur\u00fcckziehen lassen. Sollte sich das Gurtband des Selbstsicherungsger\u00e4ts w\u00e4hrend des Kletterns nicht zur\u00fcckziehen, brechen Sie das Klettern umgehend ab und bitten Sie um Hilfe.<br \/>\nKontrollieren Sie, ob der Klettergurt richtig und fest angebracht ist.<br \/>\nKontrollieren Sie, ob der Karabiner des Gurtbands des Selbstsicherungsger\u00e4ts mit der daf\u00fcr vorgesehenen Schlaufe am Klettergurt verbunden und der Verschluss ordnungsgem\u00e4\u00df geschlossen ist.<br \/>\nVergewissern Sie sich, dass der Schnappverschluss des Karabiners vom Kletterer\/der Kletterin weg zeigt.<br \/>\nKlettern Sie niemals entlang oder \u00fcber dem Selbstsicherungsger\u00e4t.<\/p>\n<h2>Abstieg\/Abfahren:<\/h2>\n<p>Beginnen Sie den Abstieg niemals \u00fcber dem Selbstsicherungsger\u00e4t. Vergewissern Sie sich vor dem Abstieg, dass sich auf dem Abstiegsweg und dem Landebereich keine Menschen oder Hindernisse befinden.<br \/>\nBeginnen Sie den Abstieg immer mit den F\u00fc\u00dfen zuerst und setzen Sie diese ein, um Hindernisse abzuwehren und sich auf die Landung vorzubereiten.<br \/>\nH\u00e4ngen Sie nach dem Klettern die Karabiner wieder in die vorgesehene Halterung ein.<br \/>\nSollte sich das Band unbeabsichtigter Weise komplett eingezogen haben, verst\u00e4ndigen Sie den Kletterwandbetreiber und holen Sie das Band nicht selbst\u00e4ndig wieder herunter.<\/p>\n<h2>Freier Weg und Landebereich:<\/h2>\n<p>Achten Sie darauf, dass sich auf dem Abstiegsweg und Landebereich keine anderen Kletterer, Fu\u00dfg\u00e4nger oder Hindernisse befinden, die ein Verfangen verursachen bzw. den Auf- oder Abstieg beeintr\u00e4chtigen k\u00f6nnten.<\/p>\n<h2>Gewichtsbereich 20 \u2013 130kg:<\/h2>\n<p>Klettern nur f\u00fcr Personen im Gewichtsbereich von 20kg \u2013 130kg.<\/p>\n<h2>Kinder bis 14 Jahre nur unter Aufsicht:<\/h2>\n<p>Die Benutzung f\u00fcr Kinder ist nur unter Aufsicht eines unterwiesenen Erziehungsberechtigten erlaubt.<\/p>\n","protected":false},"excerpt":{"rendered":"<p>Richtig Sichern: Bevor Sie mit dem Klettern beginnen, vergewissern Sie sich, dass der Karabiner an der Anseilschlaufe des Sicherheitsgurts angebracht ist, der Verschluss richtig verriegelt und der Schnapper eingerastet ist. Bei Nichtbefolgung kann es zu schweren Unf\u00e4llen kommen. Aufstieg: Kontrollieren Sie die Funktion des Selbstsicherungsger\u00e4ts, indem Sie einen kurzen Abschnitt des Gurtbands herausziehen und es [&hellip;]<\/p>\n","protected":false},"author":1,"featured_media":0,"parent":0,"menu_order":0,"comment_status":"closed","ping_status":"closed","template":"","meta":{"_acf_changed":false,"footnotes":""},"class_list":["post-290","page","type-page","status-publish","hentry"],"acf":[],"_links":{"self":[{"href":"https:\/\/shop.sportunion-puchkirchen.at\/index.php\/wp-json\/wp\/v2\/pages\/290","targetHints":{"allow":["GET"]}}],"collection":[{"href":"https:\/\/shop.sportunion-puchkirchen.at\/index.php\/wp-json\/wp\/v2\/pages"}],"about":[{"href":"https:\/\/shop.sportunion-puchkirchen.at\/index.php\/wp-json\/wp\/v2\/types\/page"}],"author":[{"embeddable":true,"href":"https:\/\/shop.sportunion-puchkirchen.at\/index.php\/wp-json\/wp\/v2\/users\/1"}],"replies":[{"embeddable":true,"href":"https:\/\/shop.sportunion-puchkirchen.at\/index.php\/wp-json\/wp\/v2\/comments?post=290"}],"version-history":[{"count":9,"href":"https:\/\/shop.sportunion-puchkirchen.at\/index.php\/wp-json\/wp\/v2\/pages\/290\/revisions"}],"predecessor-version":[{"id":335,"href":"https:\/\/shop.sportunion-puchkirchen.at\/index.php\/wp-json\/wp\/v2\/pages\/290\/revisions\/335"}],"wp:attachment":[{"href":"https:\/\/shop.sportunion-puchkirchen.at\/index.php\/wp-json\/wp\/v2\/media?parent=290"}],"curies":[{"name":"wp","href":"https:\/\/api.w.org\/{rel}","templated":true}]}}