{"id":235,"date":"2021-04-27T07:52:30","date_gmt":"2021-04-27T07:52:30","guid":{"rendered":"https:\/\/shop.sportunion-puchkirchen.at\/?page_id=235"},"modified":"2021-05-05T17:22:22","modified_gmt":"2021-05-05T17:22:22","slug":"benutzungsordnung","status":"publish","type":"page","link":"https:\/\/shop.sportunion-puchkirchen.at\/index.php\/benutzungsordnung\/","title":{"rendered":"Benutzungsordnung"},"content":{"rendered":"<h2>1. Benutzungsberechtigung<\/h2>\n<p>1.1 Zur Nutzung der Kletteranlage sind nur Personen berechtigt, die mit dem Kauf einer Eintrittskarte und der damit verbundenen Registrierung die Benutzungsordnung unterzeichnen, \u00fcber die erforderlichen Kenntnisse und Erfahrungen der beim Klettern anzuwendenden Sicherungstechniken und -ma\u00dfnahmen verf\u00fcgen oder die selbst f\u00fcr eine Anleitung durch fachkundige Personen sorgen. Klettern erfordert wegen der damit verbundenen erheblichen (Sturz-)Risiken ein hohes Ma\u00df an Vorsicht und Eigenverantwortung des Nutzers\/ der Nutzerin. Der Betreiber f\u00fchrt keine Kontrollen durch, ob der Nutzer\/ die Nutzerin (oder die ihn anleitenden Personen) \u00fcber ausreichende Kenntnisse der korrekten Durchf\u00fchrung der Sicherungstechniken und -ma\u00dfnahmen verf\u00fcgt und diese anwendet. Es obliegt dem Nutzer\/ der Nutzerin, dies jeweils im Einzelfall zu pr\u00fcfen, eine Haftung des Betreibers ist diesbez\u00fcglich ausgeschlossen. Der Aufenthalt in der Kletteranlage und deren Benutzung erfolgt insoweit auf eigenes Risiko des jeweiligen Nutzers\/ der jeweiligen Nutzerin. Siehe hierzu im Einzelnen die Kletterwand- und Kletterregeln.<\/p>\n<p>1.2 Der Eintrittspreis ergibt sich aus der jeweils g\u00fcltigen Preisliste (vgl. Aushang). Jeder Nutzer\/ jede Nutzerin muss w\u00e4hrend seines\/ihres Aufenthalts in den Anlagen den Beleg \u00fcber die Entrichtung des Eintrittspreises jederzeit vorzeigen k\u00f6nnen. Erm\u00e4\u00dfigte Eintrittspreise werden nur gegen Vorlage eines entsprechenden, g\u00fcltigen Nachweises gew\u00e4hrt. ACHTUNG: Eine im Online Shop gekaufte Eintrittskarte ist erst g\u00fcltig, wenn der zugeh\u00f6rige Code beim Eingang entwertet wurde.<\/p>\n<p>1.3 Personen, die die Anlage widerrechtlich ohne Entrichtung des (korrekten) Eintrittspreises ben\u00fctzen, sind verpflichtet, eine Geb\u00fchr in H\u00f6he von 100\u20ac zu bezahlen. Die Geltendmachung von weiteren (Schadensersatz-) Anspr\u00fcchen bleibt vorbehalten.<\/p>\n<p>1.4 Der sofortige Verweis aus den Anlagen &#8211; ohne Erstattung des Eintrittspreises &#8211; und die Erteilung eines dauerhaften Hausverbots bleiben f\u00fcr den Fall der wiederholten Nutzung der Anlage ohne Entrichtung des korrekten Eintrittspreises w\u00e4hrend eines Zeitraums von einem Jahr oder f\u00fcr den Fall der trotz Abmahnung wiederholt schuldhaften Nutzung der Anlage entgegen den Bestimmungen dieser Benutzungsordnung in ihrer jeweiligen Fassung vorbehalten.<\/p>\n<p>1.5 Wenn Tickets f\u00fcr andere Personen gekauft werden, haftet der K\u00e4ufer\/ die K\u00e4uferin f\u00fcr diesen Dritten \/diese Dritte, insbesondere wenn dieser\/diese nicht klettern kann. Der K\u00e4ufer\/ die K\u00e4uferin hat daf\u00fcr Sorge zu tragen, dass die Benutzungsvorschrift von diesem Dritten\/dieser Dritten beachtet und eingehalten wird.<\/p>\n<p>1.6 \u00d6ffnungszeiten werden durch Aushang bekannt gegeben. Die Kletteranlage darf nur w\u00e4hrend der \u00d6ffnungszeiten benutzt werden.<\/p>\n<p>1.7 Minderj\u00e4hrige bis zum vollendeten 14. Lebensjahr d\u00fcrfen die Kletteranlage nur unter Aufsicht eines Erziehungsberechtigten oder einer sonstigen vollj\u00e4hrigen Person benutzen, der die Aufsichtspflicht \u00fcbertragen wurde; eine schriftliche Einverst\u00e4ndniserkl\u00e4rung der Erziehungsberechtigten ist vorzulegen (siehe auch Ziffern 1.8 und 1.9).<\/p>\n<p>1.8 Minderj\u00e4hrige ab vollendetem 14. Lebensjahr d\u00fcrfen die Kletteranlage ohne Begleitung eines Erziehungsberechtigten benutzen, sofern sie eine schriftliche Einverst\u00e4ndniserkl\u00e4rung der Erziehungsberechtigten vorlegen (siehe auch Ziffer 1.9).<\/p>\n<p>1.9 Minderj\u00e4hrige Teilnehmer einer Gruppenveranstaltung d\u00fcrfen die Kletteranlage nur unter Aufsicht einer vollj\u00e4hrigen Person benutzen, der die Aufsichtspflicht \u00fcbertragen wurde; der Leiter\/die Leiterin einer Gruppenveranstaltung muss mindestens das 16. Lebensjahr vollendet haben, vorausgesetzt der Veranstalter best\u00e4tigt das Einverst\u00e4ndnis der Erziehungsberechtigten mit der Durchf\u00fchrung der Gruppenveranstaltung durch den Leiter\/ die Leiterin. F\u00fcr jeden minderj\u00e4hrigen Teilnehmer\/ Teilnehmerin ist eine schriftliche Einverst\u00e4ndniserkl\u00e4rung der Erziehungsberechtigten vorzulegen.<\/p>\n<p>1.10 Leiter\/ Leiterinnen einer Gruppenveranstaltung, Erziehungsberechtigte und Aufsichtsberechtigte haben daf\u00fcr Sorge zu tragen, dass die\u00a0 Benutzungsordnung von allen Gruppenteilnehmern\/ Gruppenteilnehmerinnen oder von den durch sie begleiteten Minderj\u00e4hrigen eingehalten wird.<\/p>\n<p>1.11 Die gewerbliche Nutzung der Kletteranlage ist nur mit einer besonderen Genehmigung des Betreibers gestattet. Auf diese besteht kein Anspruch.<\/p>\n<p>1.12 Anweisungen des Betreiberpersonals sind zu befolgen (Hausrecht). Bei Vorliegen eines wichtigen Grundes ist das Betreiberpersonal befugt, die Kletteranlage oder Teile davon ohne Erstattung des Eintrittspreises zu schlie\u00dfen und zu r\u00e4umen.<\/p>\n<h2>2. Gefahren beim Klettern &#8211; Grundsatz der Eigenverantwortung<\/h2>\n<p>2.1 Klettern erfordert wegen der damit verbundenen erheblichen (Sturz-)Risiken ein hohes Ma\u00df an Vorsicht und Eigenverantwortung. Gefahren k\u00f6nnen auch von herabfallenden Gegenst\u00e4nden ausgehen, insbesondere durch k\u00fcnstliche Klettergriffe, die sich unvorhersehbar lockern oder brechen k\u00f6nnen. In den Au\u00dfenanlagen k\u00f6nnen in Abh\u00e4ngigkeit von der Witterung, unter anderem besondere Gefahren durch Feuchtigkeit, Eis oder Schnee bestehen.<\/p>\n<p>2.2 Jeder Nutzer\/ jede Nutzerin hat in Eigenverantwortung die nachstehenden \u00bbKletter-Regeln (Sicher Klettern)\u00ab und \u00bbKletterwand-Regeln (Allgemeine Verhaltensregeln an der Kletterwand)\u00ab anzuwenden, um m\u00f6gliche Gefahren f\u00fcr sich und Dritte zu reduzieren.<\/p>\n<p>2.3 Bei der Nutzung der gekennzeichneten Kletterlinien m\u00fcssen Seile mit mindesten 40 m L\u00e4nge verwendet werden.<\/p>\n<h2>3. Haftung<\/h2>\n<p>3.1 Eine Haftung des Betreibers besteht nur im Rahmen der gesetzlichen Bestimmungen.<\/p>\n<p>3.2 Hinsichtlich des Abhandenkommens von Gegenst\u00e4nden und Wertsachen des Nutzers\/ der Nutzerin \u00fcbernimmt der Betreiber keine Haftung.<\/p>\n<h2>Kletterwandregeln \u2013 richtiges Verhalten an der Kletterwand<\/h2>\n<h3>1. Du hast Verantwortung!<\/h3>\n<ul>\n<li>Du benutzt die Kletterwand eigenverantwortlich! Der Betreiber f\u00fchrt keine Kontrollen durch.<\/li>\n<li>Klettern birgt erhebliche Sturzgefahren: Du kannst dich oder andere schwer oder t\u00f6dlich verletzen.<\/li>\n<li>Schau nicht weg, wenn andere Fehler machen: Sprich sie an!<\/li>\n<\/ul>\n<h3>2. Fairness und R\u00fccksichtnahme!<\/h3>\n<ul>\n<li>Nimm R\u00fccksicht und gef\u00e4hrde weder dich noch andere. Passe dein Verhalten der jeweiligen Situation an. Vermeide bei hoher Auslastung Reservieren von Routen und unn\u00f6tige St\u00fcrze.<\/li>\n<li>Klettere nur auf ausgewiesenen Kletterlinien, steige bei sich kreuzenden Kletterlinien nicht ein, wenn die andere Route schon belegt ist.<\/li>\n<li>Lass den Sichernden ihren n\u00f6tigen Aktionsraum.<\/li>\n<li>Vermeide unn\u00f6tigen Magnesiaverbrauch.<\/li>\n<li>Klettere nur mit geeigneten Schuhen.<\/li>\n<\/ul>\n<h3>3. Achtung Gefahrenraum!<\/h3>\n<ul>\n<li>An der Kletterwand k\u00f6nnen Gegenst\u00e4nde herabfallen.<\/li>\n<li>Gefahr besteht auch dann, wenn du nicht selbst kletterst.<\/li>\n<li>Beachte deshalb den m\u00f6glichen Sturzraum \u00fcber dir.<\/li>\n<\/ul>\n<h3>4. Hindernisse wegr\u00e4umen!<\/h3>\n<ul>\n<li>Kletterbereich immer frei von R\u00fccks\u00e4cken, Trinkflaschen, Kinderw\u00e4gen, und Spieldecken halten.<\/li>\n<li>Lege dort keine Gegenst\u00e4nde ab und lass auch die Einrichtung dort, wo sie steht (Tische, B\u00e4nke, etc.).<\/li>\n<\/ul>\n<h3>5. Bei Unf\u00e4llen erste Hilfe!<\/h3>\n<ul>\n<li>Jeder ist zur Hilfeleistung verpflichtet. Informiere unverz\u00fcglich das Betreiberpersonal.<\/li>\n<li>Auf Anfrage Personalien bekannt geben.<\/li>\n<\/ul>\n<h3>6. Besch\u00e4digungen melden!<\/h3>\n<ul>\n<li>Besch\u00e4digte oder lose Griffe, Kletterplatten, Haken, Karabiner oder Expressschlingen unverz\u00fcglich melden. Ver\u00e4nderungen sind untersagt.<\/li>\n<li>Routensperrungen beachten.<\/li>\n<\/ul>\n<h3>7. Die Kletterwand ist kein Spielplatz!<\/h3>\n<ul>\n<li>Kinder beaufsichtigen!<\/li>\n<li>Spielen im Kletterbereich ist aus Sicherheitsgr\u00fcnden nicht erlaubt.<\/li>\n<li>Minderj\u00e4hrige ab 14 Jahren d\u00fcrfen nur mit Einverst\u00e4ndniserkl\u00e4rung der Erziehungsberechtigten unbeaufsichtigt klettern.<\/li>\n<\/ul>\n<h3>8. Gefahr durch Schmuck und lange Haare!<\/h3>\n<ul>\n<li>Schmuck kann h\u00e4ngen bleiben und dich verletzen.<\/li>\n<li>Lange Haare zusammenbinden: Sie k\u00f6nnen sich im Sicherungsger\u00e4t verfangen.<\/li>\n<\/ul>\n<h3>9. Alkohol- und Rauchverbot!<\/h3>\n<ul>\n<li>Nach Alkoholkonsum nicht klettern.<\/li>\n<li>Rauchen an der Kletterwand ist verboten.<\/li>\n<\/ul>\n<h3>10. Handy, Musik und Tiere st\u00f6ren!<\/h3>\n<ul>\n<li>Handys lenken ab und k\u00f6nnen herunterfallen.<\/li>\n<li>Kopfh\u00f6rer beeintr\u00e4chtigen deine Aufmerksamkeit.<\/li>\n<li>Die Mitnahme von Tieren ist nicht erlaubt.<\/li>\n<\/ul>\n<h3>11. Sauberkeit der Anlage!<\/h3>\n<ul>\n<li>Die Kletteranlage ist sauber zu halten und so zu verlassen, wie sie vorgefunden wurde.<br \/>\nM\u00fclleimer sind zu benutzen!<\/li>\n<\/ul>\n<h2>Kletterregeln \u2013 Sicher Klettern<\/h2>\n<h3>1. Partnercheck vor jedem Start!<\/h3>\n<ul>\n<li>Benutze nur geeignete und zeitgem\u00e4\u00dfe Ausr\u00fcstung.<\/li>\n<li>Vor jedem Start erfolgt der Partnercheck:<br \/>\n&#8211; Korrekt geschlossener Klettergurt?<br \/>\n&#8211; Korrekter Anseilknoten und Anseilpunkt?<br \/>\n&#8211; Funktion des Sicherungsger\u00e4ts gepr\u00fcft?<br \/>\n&#8211; Sicherungskarabiner geschlossen?<br \/>\n&#8211; Seil ausreichend lang? Seilende abgeknotet?<\/li>\n<li>Vergewissere dich \u00fcber die Sicherungskompetenz des Kletterpartners\/ der Kletterpartnerin \u2013 er\/ sie h\u00e4lt dein Leben in seiner\/ ihrer Hand!<\/li>\n<li>Vereinbare vor dem Kletterbeginn die Seilkommandos \u201eZu\u201c und \u201eAb\u201c.<\/li>\n<\/ul>\n<h3>2. Im Vorstieg direkt einbinden!<\/h3>\n<ul>\n<li>Binde dich im Vorstieg immer direkt in den Anseilpunkt des Gurtes ein.<\/li>\n<li>Im Toprope kannst du dich alternativ auch mit Safebiner oder zwei gegengleich eingeh\u00e4ngten Karabinern einbinden.<\/li>\n<\/ul>\n<h3>3. Sicherungsger\u00e4t richtig bedienen!<\/h3>\n<ul>\n<li>Wende eine allgemein anerkannte Sicherungstechnik an. Beachte das Bremshandprinzip (eine Hand umschlie\u00dft immer das Bremsseil) und die korrekte Position der Bremshand.<\/li>\n<li>Positioniere dich beim Sichern nahe an der Kletterwand. Sichere ohne Schlappseil. Achte auf einen angemessenen Gewichtsunterschied zwischen den Partnern.<\/li>\n<li>Sichern ist Pr\u00e4zisionsarbeit und erfordert deine volle Aufmerksamkeit \u2013 lass dich nicht ablenken.<\/li>\n<\/ul>\n<h3>4. Alle Zwischensicherungen einh\u00e4ngen!<\/h3>\n<ul>\n<li>Griffe k\u00f6nnen sich drehen oder brechen, deshalb musst du alle Zwischensicherungen einh\u00e4ngen.<\/li>\n<li>Spontane St\u00fcrze sind immer m\u00f6glich.<\/li>\n<li>Informiere m\u00f6glichst deinen Partner\/deine Partnerin, bevor du dich ins Seil setzt oder st\u00fcrzt.<\/li>\n<\/ul>\n<h3>5. Zwischensicherungen nicht \u00fcberstreckt einh\u00e4ngen!<\/h3>\n<ul>\n<li>H\u00e4nge alle Zwischensicherungen aus stabiler Position, nicht \u00fcberstreckt und m\u00f6glichst auf H\u00fcfth\u00f6he ein (1. Zwischensicherung so fr\u00fch wie m\u00f6glich).<\/li>\n<li>Bis zum 5. Haken droht Bodensturzgefahr.<\/li>\n<\/ul>\n<h3>6. Sturzraum freihalten!<\/h3>\n<ul>\n<li>Achte auf einen freien Sturzraum an der Wand und am Boden.<\/li>\n<li>Klettere nicht im Sturzraum anderer.<\/li>\n<li>\u00dcberhole nur in Absprache mit dem\/der Vorauskletternden \u2013 er\/sie hat grunds\u00e4tzlich \u201eVorfahrt\u201c.<\/li>\n<li>Vermeide Pendelst\u00fcrze!<\/li>\n<\/ul>\n<h3>7. Kein Toprope an einzelnem Karabiner!<\/h3>\n<ul>\n<li>H\u00e4nge beim Toprope Klettern das Seil immer in die zwei daf\u00fcr vorgesehenen Umlenkkarabiner.<\/li>\n<li>Klettere nicht \u00fcber die Umlenkung hinaus.<\/li>\n<\/ul>\n<h3>8. Pendelgefahr beachten!<\/h3>\n<ul>\n<li>Steige in stark \u00fcberh\u00e4ngenden Bereichen nur mit eingeh\u00e4ngten Zwischensicherungen nach.<\/li>\n<\/ul>\n<h3>9. Nie Seil auf Seil!<\/h3>\n<ul>\n<li>H\u00e4nge in die Umlenkkarabiner und auch in Zwischensicherungen immer nur ein Seil.<\/li>\n<\/ul>\n<h3>10. Vorsicht beim Ablassen!<\/h3>\n<ul>\n<li>Informiere deinen Partner\/deine Partnerin bevor du dich ins Seil setzt.<\/li>\n<li>Lasse deinen Partner\/deine Partnerin langsam und gleichm\u00e4\u00dfig ab.<\/li>\n<li>Achte auf einen freien Landeplatz.<\/li>\n<\/ul>\n","protected":false},"excerpt":{"rendered":"<p>1. Benutzungsberechtigung 1.1 Zur Nutzung der Kletteranlage sind nur Personen berechtigt, die mit dem Kauf einer Eintrittskarte und der damit verbundenen Registrierung die Benutzungsordnung unterzeichnen, \u00fcber die erforderlichen Kenntnisse und Erfahrungen der beim Klettern anzuwendenden Sicherungstechniken und -ma\u00dfnahmen verf\u00fcgen oder die selbst f\u00fcr eine Anleitung durch fachkundige Personen sorgen. Klettern erfordert wegen der damit verbundenen [&hellip;]<\/p>\n","protected":false},"author":1,"featured_media":0,"parent":0,"menu_order":0,"comment_status":"closed","ping_status":"closed","template":"","meta":{"_acf_changed":false,"footnotes":""},"class_list":["post-235","page","type-page","status-publish","hentry"],"acf":[],"_links":{"self":[{"href":"https:\/\/shop.sportunion-puchkirchen.at\/index.php\/wp-json\/wp\/v2\/pages\/235","targetHints":{"allow":["GET"]}}],"collection":[{"href":"https:\/\/shop.sportunion-puchkirchen.at\/index.php\/wp-json\/wp\/v2\/pages"}],"about":[{"href":"https:\/\/shop.sportunion-puchkirchen.at\/index.php\/wp-json\/wp\/v2\/types\/page"}],"author":[{"embeddable":true,"href":"https:\/\/shop.sportunion-puchkirchen.at\/index.php\/wp-json\/wp\/v2\/users\/1"}],"replies":[{"embeddable":true,"href":"https:\/\/shop.sportunion-puchkirchen.at\/index.php\/wp-json\/wp\/v2\/comments?post=235"}],"version-history":[{"count":10,"href":"https:\/\/shop.sportunion-puchkirchen.at\/index.php\/wp-json\/wp\/v2\/pages\/235\/revisions"}],"predecessor-version":[{"id":340,"href":"https:\/\/shop.sportunion-puchkirchen.at\/index.php\/wp-json\/wp\/v2\/pages\/235\/revisions\/340"}],"wp:attachment":[{"href":"https:\/\/shop.sportunion-puchkirchen.at\/index.php\/wp-json\/wp\/v2\/media?parent=235"}],"curies":[{"name":"wp","href":"https:\/\/api.w.org\/{rel}","templated":true}]}}