{"id":135,"date":"2021-04-19T12:20:49","date_gmt":"2021-04-19T12:20:49","guid":{"rendered":"https:\/\/shop.sportunion-puchkirchen.at\/?page_id=135"},"modified":"2021-04-27T07:19:52","modified_gmt":"2021-04-27T07:19:52","slug":"datenschutzerklaerung","status":"publish","type":"page","link":"https:\/\/shop.sportunion-puchkirchen.at\/index.php\/datenschutzerklaerung\/","title":{"rendered":"Datenschutzerkl\u00e4rung"},"content":{"rendered":"<p><strong><u>Verantwortlicher:<\/u><\/strong><\/p>\n<p>Sportunion Puchkirchen<br \/>\nPuchkirchen 30<br \/>\n4849 Puchkirchen am Trattberg<br \/>\n<a title=\"E-Mail Adresse Sportunion Puchkirchen\" href=\"mailto:kontakt@sportunion-puchkirchen.at\">kontakt@sportunion-puchkirchen.at<\/a><\/p>\n<p>Es ist\u00a0<strong>kein<\/strong> Datenschutzbeauftragter bestellt, da dies gesetzlich nicht notwendig ist.<\/p>\n<p>&nbsp;<\/p>\n<p><strong><u>Allgemeines<\/u><\/strong><\/p>\n<p>Der Schutz und die Sicherheit Ihrer pers\u00f6nlichen Daten sind uns ein wichtiges Anliegen. Diese Webseite speichert und verarbeitet Daten daher ausschlie\u00dflich im Sinne der \u00f6sterreichischen und europ\u00e4ischen Datenschutzgrundverordnung (DSGVO). Sie als Nutzer stimmen der Datenverarbeitung im Sinne dieser Erkl\u00e4rung zu. Die aktuelle Fassung der DSG VO finden sie unter\u00a0<a href=\"http:\/\/eur-lex.europa.eu\/legal-content\/DE\/TXT\/HTML\/?uri=CELEX:32016R0679&amp;from=DE\">http:\/\/eur-lex.europa.eu\/legal-content\/DE\/TXT\/HTML\/?uri=CELEX:32016R0679&amp;from=DE<\/a><\/p>\n<p>Diese Datenschutzerkl\u00e4rung bezieht sich nur auf diese Webseite. Falls Sie \u00fcber Links auf unseren Seiten auf andere Seiten weitergeleitet werden, informieren Sie sich direkt auf der weitergeleiteten Webseite \u00fcber den jeweiligen Umgang mit Ihren Daten. Ihre personenbezogenen Daten (z.B. Anrede, Name, Anschrift, E-Mail-Adresse, Telefonnummer, Bankverbindung, Kreditkartennummer) werden von uns nur gem\u00e4\u00df den Bestimmungen des \u00f6sterreichischen Datenschutzrechts verarbeitet. Die nachfolgenden Vorschriften informieren Sie \u00fcber Art, Umfang und Zweck der Erhebung, Verarbeitung und Nutzung personenbezogener Daten.<\/p>\n<p>Die Nutzung dieser Webseite ist in der Regel ohne Angabe personenbezogener Daten m\u00f6glich. Soweit auf unseren Seiten personenbezogene Daten (beispielsweise Name, Anschrift oder E-Mail-Adressen) erhoben werden, erfolgt dies, soweit m\u00f6glich, stets auf freiwilliger Basis. Diese Daten werden ohne Ihre ausdr\u00fcckliche Zustimmung nicht an Dritte weitergegeben.<\/p>\n<p>Wir weisen darauf hin, dass die Daten\u00fcbertragung im Internet (z.B. bei der Kommunikation per E-Mail, oder \u00fcber nicht verschl\u00fcsselte Webseiten) Sicherheitsl\u00fccken aufweisen kann. Ein l\u00fcckenloser Schutz der Daten vor dem Zugriff durch Dritte ist nicht m\u00f6glich.<\/p>\n<p>Bei Beauftragung \u00fcber unsere Webseite werden Ihre \u00fcbermittelten oder eingegebenen Daten manuell oder automatisiert mit dem vorhandenen Datenbestand auf G\u00fcltigkeit und Aktualit\u00e4t \u00fcberpr\u00fcft und gegebenenfalls abgeglichen um die bei uns gespeicherten Daten zu korrigieren. Dazu kann es notwendig sein, dass unsere MitarbeiterInnen mit Ihnen Kontakt aufnehmen m\u00fcssen. Dies geschieht mittels E-Mail oder telefonisch. Die von Ihnen eingegebenen Daten werden ausschlie\u00dflich f\u00fcr die Bearbeitung der Bestellung oder die Abwicklung der Anmeldung verwendet, eine Weitergabe der Daten an Dritte erfolgt nicht.<\/p>\n<p>&nbsp;<\/p>\n<p><strong><u>Betroffenenrechte<\/u><\/strong><\/p>\n<p>Nach \u00f6sterreichischem Datenschutzrecht sowie der europ\u00e4ischen DSGVO stehen Ihnen als Betroffener umfangreiche Rechte zu. Diese Rechte sollen vor allem f\u00fcr mehr Transparenz sorgen. Ihre Rechte als betroffene Person sind das Recht auf Auskunft \u00fcber die Sie betreffenden personenbezogenen Daten, auf Berichtigung, L\u00f6schung, Einschr\u00e4nkung der Verarbeitung, Widerspruch gegen die Verarbeitung sowie auf Daten\u00fcbertragbarkeit (nur\u00a0 bei Vertragsbeziehung oder Einwilligung) und jederzeitigen Widerruf einer Einwilligung.<\/p>\n<p>Sie als betroffene Personen k\u00f6nnen ihre Rechte am Einfachsten durch eine E-Mail an Muster@email.at aus\u00fcben. Dar\u00fcber hinaus auch durch eine Mitteilung per Post, pers\u00f6nliche Kontaktaufnahme, als auch \u00fcber das Kontaktformular der Webseite aus\u00fcben.<\/p>\n<p>Dar\u00fcber hinaus haben Sie jederzeit das Recht, hinsichtlich der Verarbeitung Ihrer personenbezogenen Daten Beschwerde bei der Datenschutzbeh\u00f6rde einzubringen. Die Kontaktdaten der Datenschutzbeh\u00f6rde lauten:<\/p>\n<p>\u00d6sterreichische Datenschutzbeh\u00f6rde<br \/>\nWickenburggasse 8<br \/>\n1080 Wien<br \/>\nTelefon:\u00a0+43 1 521 52-25 69<br \/>\nE\u2011Mail:\u00a0<a href=\"mailto:dsb@dsb.gv.at\">dsb@dsb.gv.at<\/a><\/p>\n<p>&nbsp;<\/p>\n<p><strong><u>Datenl\u00f6schung<\/u><\/strong><\/p>\n<p>Ihre Daten werden gel\u00f6scht, sobald der jeweilige Vertrag mit Ihnen erf\u00fcllt ist und keine gesetzliche Pflicht zur Speicherung der Daten mehr besteht. So werden Ihre Daten grunds\u00e4tzlich nach sieben Jahren gel\u00f6scht; Aufbewahrungsfrist nach \u00a7 132 BAO.<\/p>\n<p>Gesetzliche\/rechtliche Aufbewahrungspflichten oder vertragliche Verpflichtungen z.B. gegen\u00fcber Kunden aus Gew\u00e4hrleistung oder Schadenersatz oder gegen\u00fcber Vertragspartnern sind eine Grundlage die personenbezogenen Daten weiterhin zu speichern. (Art 6 Abs 1 lit c DSGVO \u2013 Grundlage der Rechtm\u00e4\u00dfigkeit der Verarbeitung: gesetzliche \/ rechtliche Verpflichtung)<\/p>\n<p>&nbsp;<\/p>\n<p><strong><u>Links<\/u><\/strong><\/p>\n<p>Wir \u00fcberpr\u00fcfen Links, die unsere Webseite verlassen, redaktionell sehr sorgf\u00e4ltig. Trotzdem \u00fcbernehmen wir f\u00fcr Inhalte auf Seiten, auf die von dieser Webseite oder von einem anderen Internetauftritt aus gelinkt wird, keinerlei Verantwortung oder Haftung.<\/p>\n<p>&nbsp;<\/p>\n<p><strong><u>Google Fonts<\/u><\/strong><\/p>\n<p>Wir verwenden auf unserer Webseite spezielle von Google zur Verf\u00fcgung gestellten Fonts. Sollten diese Fonts nicht in Ihrem Browser gefunden werden, so werden diese von ihrem Browser direkt von Google Servern heruntergeladen. Wir weisen darauf hin, dass wir als Anbieter der Seiten keine Kenntnis vom Inhalt der \u00fcbermittelten Daten sowie deren Nutzung durch Google erhalten.<\/p>\n<p>&nbsp;<\/p>\n<p><strong><u>Kontaktformular<\/u><\/strong><\/p>\n<p>Wenn Sie uns per Kontaktformular Anfragen zukommen lassen, werden Ihre Angaben aus dem Anfrageformular inklusive der von Ihnen dort angegebenen Kontaktdaten zwecks Bearbeitung der Anfrage und f\u00fcr den Fall von Anschlussfragen bei uns gespeichert. Diese Daten geben wir nicht ohne Ihrer Einwilligung weiter.<\/p>\n<p>&nbsp;<\/p>\n<p><strong><u>Kommentarfunktion auf dieser Webseite<\/u><\/strong><\/p>\n<p>F\u00fcr die Kommentarfunktion auf dieser Seite werden neben Ihrem Kommentar auch Angaben zum Zeitpunkt der Erstellung des Kommentars, Ihre E-Mail-Adresse und, wenn Sie nicht anonym posten, der von Ihnen gew\u00e4hlte Nutzername gespeichert.<\/p>\n<p>&nbsp;<\/p>\n<p><strong><u>Registrierung<\/u><\/strong><\/p>\n<p>F\u00fcr Benutzer, die sich auf unserer Website registrieren, speichern wir zus\u00e4tzlich die pers\u00f6nlichen Informationen, die sie in ihren Benutzerprofilen angeben. Alle Benutzer k\u00f6nnen jederzeit ihre pers\u00f6nlichen Informationen einsehen, ver\u00e4ndern oder l\u00f6schen (der Benutzername kann nicht ver\u00e4ndert werden). Administratoren der Website k\u00f6nnen diese Informationen ebenfalls einsehen und ver\u00e4ndern.<\/p>\n<p>Wenn du ein registrierter Benutzer bist und Fotos auf diese Website l\u00e4dst, solltest du vermeiden, Fotos mit einem EXIF-GPS-Standort hochzuladen. Besucher dieser Website k\u00f6nnten Fotos, die auf dieser Website gespeichert sind, herunterladen und deren Standort-Informationen extrahieren.<\/p>\n<p>&nbsp;<\/p>\n<p><strong><u>Bestandsdaten<\/u><\/strong><\/p>\n<p>Ohne Ihre ausdr\u00fcckliche Einwilligung oder ohne gesetzliche Grundlage werden Ihre personenbezogenen Daten nicht an au\u00dferhalb der Vertragsabwicklung stehende Dritte weitergegeben. Nach vollst\u00e4ndiger Vertragsabwicklung werden Ihre Daten f\u00fcr die weitere Verwendung gesperrt. Nach Ablauf der steuer- und handelsrechtlichen Vorschriften werden diese Daten gel\u00f6scht, sofern Sie nicht ausdr\u00fccklich in die weitere Nutzung eingewilligt haben.<\/p>\n<p>Ihre personenbezogenen Daten, soweit diese f\u00fcr die Begr\u00fcndung, inhaltliche Ausgestaltung oder \u00c4nderung des Vertragsverh\u00e4ltnisses erforderlich sind (Bestandsdaten), werden ausschlie\u00dflich zur Vertragsabwicklung verwendet. So muss z.B. zur Zustellung der Waren Ihr Name und Ihre Anschrift an den Warenlieferanten weitergegeben werden.<\/p>\n<p>&nbsp;<\/p>\n<p><strong><u>Informationen \u00fcber Cookies<\/u><\/strong><\/p>\n<p>Man unterscheidet drei Kategorien von Cookies:<\/p>\n<p># unbedingt notwendige Cookies um grundlegende Funktionen der Website sicherzustellen<\/p>\n<p># funktionelle Cookies um die Leistung der Webseite sicherzustellen<\/p>\n<p># zielorientierte Cookies um das Benutzererlebnis zu verbessern.<\/p>\n<p>Die Internetseiten verwenden teilweise sogenannte Cookies. Cookies richten auf Ihrem Rechner keinen Schaden an und enthalten keine Viren. Cookies dienen dazu, unser Angebot nutzerfreundlicher, effektiver und sicherer zu machen. Cookies sind kleine Textdateien, die auf Ihrem Rechner abgelegt werden und die Ihr Browser speichert.<\/p>\n<p>Die meisten der von uns verwendeten Cookies sind so genannte \u201eSession-Cookies\u201c. Sie werden nach Ende Ihres Besuchs automatisch gel\u00f6scht. Andere Cookies bleiben auf Ihrem Endger\u00e4t gespeichert, bis Sie diese l\u00f6schen. Diese Cookies erm\u00f6glichen es uns, Ihren Browser beim n\u00e4chsten Besuch wiederzuerkennen.<\/p>\n<p>Sie k\u00f6nnen Ihren Browser so einstellen, dass Sie \u00fcber das Setzen von Cookies informiert werden und Cookies nur im Einzelfall erlauben, die Annahme von Cookies f\u00fcr bestimmte F\u00e4lle oder generell ausschlie\u00dfen sowie das automatische L\u00f6schen der Cookies beim Schlie\u00dfen des Browsers aktivieren. Bei der Deaktivierung von Cookies kann die Funktionalit\u00e4t dieser Website eingeschr\u00e4nkt sein.<\/p>\n<p>Wenn du einen Kommentar auf unserer Website schreibst, kann das eine Einwilligung sein, deinen Namen, E-Mail-Adresse und Website in Cookies zu speichern. Dies ist eine Komfortfunktion, damit du nicht, wenn du einen weiteren Kommentar schreibst, all diese Daten erneut eingeben musst. Diese Cookies werden ein Jahr lang gespeichert.<\/p>\n<p>Falls du ein Konto hast und dich auf dieser Website anmeldest, werden wir ein tempor\u00e4res Cookie setzen, um festzustellen, ob dein Browser Cookies akzeptiert. Dieses Cookie enth\u00e4lt keine personenbezogenen Daten und wird verworfen, wenn du deinen Browser schlie\u00dft.<\/p>\n<p>Wenn du dich anmeldest, werden wir einige Cookies einrichten, um deine Anmeldeinformationen und Anzeigeoptionen zu speichern. Anmelde-Cookies verfallen nach zwei Tagen und Cookies f\u00fcr die Anzeigeoptionen nach einem Jahr. Falls du bei der Anmeldung \u201eAngemeldet bleiben\u201c ausw\u00e4hlst, wird deine Anmeldung zwei Wochen lang aufrechterhalten. Mit der Abmeldung aus deinem Konto werden die Anmelde-Cookies gel\u00f6scht.<\/p>\n<p>Wenn du einen Artikel bearbeitest oder ver\u00f6ffentlichst, wird ein zus\u00e4tzlicher Cookie in deinem Browser gespeichert. Dieser Cookie enth\u00e4lt keine personenbezogenen Daten und verweist nur auf die Beitrags-ID des Artikels, den du gerade bearbeitet hast. Der Cookie verf\u00e4llt nach einem Tag.<br \/>\nEingebettete Inhalte von anderen Websites<\/p>\n<p>&nbsp;<\/p>\n<p><strong><u>Funktionseinschr\u00e4nkungen ohne Cookies<\/u><\/strong><\/p>\n<p>Wenn Sie uns generell nicht gestatten, Cookies zu nutzen, werden gewisse Funktionen und Seiten nicht wie erwartet funktionieren. Insbesondere wird das Login nicht funktionieren.<\/p>\n<p>&nbsp;<\/p>\n<p><strong><u>Webanalyse mit Google Analytics<\/u><\/strong><\/p>\n<p>Diese Website nutzt Funktionen des Webanalysedienstes Google Analytics. Anbieter ist die Google Inc., 1600 Amphitheatre Parkway Mountain View, CA 94043, USA. Google Analytics verwendet zielorientierten Cookies.<\/p>\n<p>Mehr Informationen zum Umgang mit Nutzerdaten bei Google Analytics finden Sie in der Datenschutzerkl\u00e4rung von Google:\u00a0<a href=\"https:\/\/support.google.com\/analytics\/answer\/6004245?hl=de\">https:\/\/support.google.com\/analytics\/answer\/6004245?hl=de<\/a><\/p>\n<p>Sie k\u00f6nnen die Erfassung, der durch das Cookie erzeugten und auf Ihre Nutzung der Website bezogenen Daten an Google, sowie die Verarbeitung dieser Daten durch Google verhindern, indem Sie das unter dem folgenden Link verf\u00fcgbare Browser-Plugin herunterladen und installieren:\u00a0<a href=\"https:\/\/tools.google.com\/dlpage\/gaoptout?hl=de\">https:\/\/tools.google.com\/dlpage\/gaoptout?hl=de<\/a><\/p>\n<p>Diese Webseite benutzt Google Analytics mit der Erweiterung \u201eanonymizeIP()\u201c, damit die IP-Adressen nur gek\u00fcrzt weiterverarbeitet werden, um eine direkte Personenbeziehbarkeit auszuschlie\u00dfen.<\/p>\n<p>&nbsp;<\/p>\n<p><strong>Google Maps<\/strong><\/p>\n<p>Diese Webseite benutzt Google Maps API, einen Kartendienst der Google Inc. (\u201eGoogle\u201c), zur Darstellung einer interaktiven Karte und zur Erstellung von Anfahrtspl\u00e4nen. Google Maps wird von Google Inc., 1600 Amphitheatre Parkway, Mountain View, CA 94043, USA betrieben.<\/p>\n<p>Durch die Nutzung von Google Maps k\u00f6nnen Informationen \u00fcber Ihre Benutzung dieser Webseite (einschlie\u00dflich Ihrer IP-Adresse) an einen Server von Google in den USA \u00fcbertragen und dort gespeichert werden. Google wird die durch Maps gewonnenen Informationen gegebenenfalls an Dritte \u00fcbertragen, sofern dies gesetzlich vorgeschrieben ist oder soweit Dritte diese Daten im Auftrag von Google verarbeiten.<\/p>\n<p>Google wird in keinem Fall Ihre IP-Adresse mit anderen Daten von Google in Verbindung bringen. Trotzdem w\u00e4re es technisch m\u00f6glich, dass Google aufgrund der erhaltenen Daten eine Identifizierung zumindest einzelner Nutzenden vornehmen k\u00f6nnte. Es w\u00e4re m\u00f6glich, dass personenbezogene Daten und Pers\u00f6nlichkeitsprofile von Nutzern der Webseite von Google f\u00fcr andere Zwecke verarbeitet werden k\u00f6nnten, auf welche wir keinen Einfluss haben und haben k\u00f6nnen. Sie haben die M\u00f6glichkeit, den Service von Google Maps zu deaktivieren und somit den Datentransfer an Google zu verhindern, indem Sie JavaScript in Ihrem Browser deaktivieren. Wir weisen Sie jedoch darauf hin, dass Sie in diesem Fall die Kartenanzeige auf unserer Seite nicht nutzen k\u00f6nnen.<\/p>\n<p>Die Google-Datenschutzerkl\u00e4rung &amp; zus\u00e4tzlichen Nutzungsbedingungen f\u00fcr Google Maps finden Sie unter https:\/\/www.google.com\/intl\/de_de\/help\/terms_maps.html.<\/p>\n<p>&nbsp;<\/p>\n<p><strong><u>SSL-Verschl\u00fcsselung<\/u><\/strong><\/p>\n<p>Diese Seite nutzt aus Gr\u00fcnden der Sicherheit und zum Schutz der \u00dcbertragung vertraulicher Inhalte, wie zum Beispiel der Anfragen, die Sie an uns als Seitenbetreiber senden, eine SSL-Verschl\u00fcsselung. Eine verschl\u00fcsselte Verbindung erkennen Sie daran, dass die Adresszeile des Browsers von \u201ehttp:\/\/\u201c auf \u201ehttps:\/\/\u201c wechselt und an dem Schloss-Symbol in Ihrer Browserzeile.<\/p>\n<p>Wenn die SSL Verschl\u00fcsselung aktiviert ist, k\u00f6nnen die Daten, die Sie an uns \u00fcbermitteln, nicht von Dritten mitgelesen werden.<\/p>\n<h3 data-fontsize=\"18\" data-lineheight=\"30.06px\"><\/h3>\n<h3 class=\"fusion-responsive-typography-calculated\" data-fontsize=\"18\" data-lineheight=\"30.06px\"><strong>Erhebung und Speicherung personenbezogener Daten, Art, Zweck und Verwendung<\/strong><\/h3>\n<p>Beim Aufrufen dieser Website werden durch den auf Ihrem Endger\u00e4t zum Einsatz kommenden Browser automatisch Informationen an den Server unserer Website gesendet. Diese Informationen werden tempor\u00e4r in einem sog. Logfile gespeichert. Folgende Informationen werden dabei ohne Ihr Zutun erfasst und bis zur automatisierten L\u00f6schung gespeichert:<\/p>\n<ul>\n<li>IP-Adresse des anfragenden Rechners,<\/li>\n<li>Datum und Uhrzeit des Zugriffs,<\/li>\n<li>Name und URL der abgerufenen Datei,<\/li>\n<li>Website, von der aus der Zugriff erfolgt (Referrer-URL),<\/li>\n<li>verwendeter Browser und ggf. das Betriebssystem Ihres Rechners sowie der Name<\/li>\n<li>Ihres Access-Providers.<\/li>\n<\/ul>\n<p>Die M\u00f6glichkeit, diese Daten auf der Rechtsgrundlage nach Art. 6 Abs. 1 S. 1 lit. f DSGVO f\u00fcr Zwecke wie<\/p>\n<ul>\n<li>die Gew\u00e4hrleistung eines reibungslosen Verbindungsaufbaus der Website,<\/li>\n<li>die Gew\u00e4hrleistung einer komfortablen Nutzung unserer Website,<\/li>\n<li>die Auswertung der Systemsicherheit und -stabilit\u00e4t sowie<\/li>\n<li>zu weiteren administrativen Zwecken<\/li>\n<\/ul>\n<p>zu nutzen, wird derzeit von uns wahrgenommen. Die erhobenen Daten werden in keinem Fall daf\u00fcr verwenden, R\u00fcckschl\u00fcsse auf Ihre Person zu ziehen.<\/p>\n<p>&nbsp;<\/p>\n<p><strong><u>Datensicherheit<\/u><\/strong><\/p>\n<p>Der Anbieter setzt technische und organisatorische Sicherheitsma\u00dfnahmen ein, um die von den Nutzerinnen bzw. Nutzern durch den Anbieter gespeicherten Daten gegen zuf\u00e4llige oder vors\u00e4tzliche Manipulation, Verlust, Zerst\u00f6rung oder gegen den Zugriff unberechtigter Personen zu sch\u00fctzen. Datentransfers zwischen Dienstleistern werden mit dem SSL-Verfahren (Secure Socket Layer) durchgef\u00fchrt. Diese Software verschl\u00fcsselt in diesem Fall alle Informationen, die von Unterst\u00fctzerinnen und Unterst\u00fctzern und an diese \u00fcbermittelt werden.<\/p>\n<p>Alle Daten werden auf dem Server von dieser Webseite bzw. auf den Servern unserer Dienstleister, mit denen Vertr\u00e4ge zur Auftragsverarbeitung nach \u00a7 28 DSGVO mit entsprechender Pr\u00fcfung abgeschlossen wurden, gespeichert.<\/p>\n<p>Bei Fragen wenden Sie sich bitte an folgende E-Mail-Adresse: <a title=\"E-Mail Adresse Sportunion Puchkirchen\" href=\"mailto:kontakt@sportunion-puchkirchen.at\">kontakt@sportunion-puchkirchen.at<\/a><\/p>\n","protected":false},"excerpt":{"rendered":"<p>Verantwortlicher: Sportunion Puchkirchen Puchkirchen 30 4849 Puchkirchen am Trattberg kontakt@sportunion-puchkirchen.at Es ist\u00a0kein Datenschutzbeauftragter bestellt, da dies gesetzlich nicht notwendig ist. &nbsp; Allgemeines Der Schutz und die Sicherheit Ihrer pers\u00f6nlichen Daten sind uns ein wichtiges Anliegen. Diese Webseite speichert und verarbeitet Daten daher ausschlie\u00dflich im Sinne der \u00f6sterreichischen und europ\u00e4ischen Datenschutzgrundverordnung (DSGVO). Sie als Nutzer stimmen [&hellip;]<\/p>\n","protected":false},"author":1,"featured_media":0,"parent":0,"menu_order":0,"comment_status":"closed","ping_status":"closed","template":"","meta":{"_acf_changed":false,"footnotes":""},"class_list":["post-135","page","type-page","status-publish","hentry"],"acf":[],"_links":{"self":[{"href":"https:\/\/shop.sportunion-puchkirchen.at\/index.php\/wp-json\/wp\/v2\/pages\/135","targetHints":{"allow":["GET"]}}],"collection":[{"href":"https:\/\/shop.sportunion-puchkirchen.at\/index.php\/wp-json\/wp\/v2\/pages"}],"about":[{"href":"https:\/\/shop.sportunion-puchkirchen.at\/index.php\/wp-json\/wp\/v2\/types\/page"}],"author":[{"embeddable":true,"href":"https:\/\/shop.sportunion-puchkirchen.at\/index.php\/wp-json\/wp\/v2\/users\/1"}],"replies":[{"embeddable":true,"href":"https:\/\/shop.sportunion-puchkirchen.at\/index.php\/wp-json\/wp\/v2\/comments?post=135"}],"version-history":[{"count":7,"href":"https:\/\/shop.sportunion-puchkirchen.at\/index.php\/wp-json\/wp\/v2\/pages\/135\/revisions"}],"predecessor-version":[{"id":234,"href":"https:\/\/shop.sportunion-puchkirchen.at\/index.php\/wp-json\/wp\/v2\/pages\/135\/revisions\/234"}],"wp:attachment":[{"href":"https:\/\/shop.sportunion-puchkirchen.at\/index.php\/wp-json\/wp\/v2\/media?parent=135"}],"curies":[{"name":"wp","href":"https:\/\/api.w.org\/{rel}","templated":true}]}}